{"id":52,"date":"2022-06-02T15:02:47","date_gmt":"2022-06-02T15:02:47","guid":{"rendered":"https:\/\/decel.univ-tours.fr\/wordpress\/?page_id=52"},"modified":"2023-06-09T07:37:13","modified_gmt":"2023-06-09T07:37:13","slug":"contact","status":"publish","type":"page","link":"https:\/\/decel.univ-tours.fr\/decel\/index.php\/contact\/","title":{"rendered":"Contact"},"content":{"rendered":"\n<p>Four Universities are involved in the project, one contact personn is indicated for eatch partner:<\/p>\n\n\n\n<ul><li>Project Leader: <a rel=\"noreferrer noopener\" href=\"https:\/\/www.uah.es\/es\/\" target=\"_blank\">Universidad de Alcal\u00e1 (UAH) Madrid<\/a>&nbsp;&#8211; Prof. Ignacio Bravo &nbsp;&nbsp;&nbsp; Contact&nbsp;<a rel=\"noreferrer noopener\" href=\"http:\/\/ignacio.bravo@uah.es\/\" target=\"_blank\">@<\/a><\/li><li><a rel=\"noreferrer noopener\" href=\"https:\/\/www.up.pt\/\" target=\"_blank\">Universidade do Porto<\/a>&nbsp;&#8211; Prof. Jos\u00e9 Carlos dos Santos Alves &#8211; Contact&nbsp;<a rel=\"noreferrer noopener\" href=\"http:\/\/jca@fe.up.pt\/\" target=\"_blank\">@<\/a><\/li><li><a rel=\"noreferrer noopener\" href=\"http:\/\/www.unife.it\/\" target=\"_blank\">Universit\u00e0 degli studi di Ferrara&nbsp;<\/a>&nbsp;&#8211; Cristian Zambelli &#8211;&nbsp; Contact&nbsp;<a rel=\"noreferrer noopener\" href=\"http:\/\/cristian.zambelli@unife.it\/\" target=\"_blank\">@<\/a><\/li><li><a rel=\"noreferrer noopener\" href=\"https:\/\/www.univ-tours.fr\/\" target=\"_blank\">Universit\u00e9 de Tours<\/a>&nbsp; &#8211; Etienne Lemaire &#8211;&nbsp; Contact&nbsp;<a rel=\"noreferrer noopener\" href=\"http:\/\/etienne.lemaire@univ-tours.fr\/\" target=\"_blank\">@<\/a><\/li><\/ul>\n\n\n\n<p><\/p>\n","protected":false},"excerpt":{"rendered":"<p>Four Universities are involved in the project, one contact personn is indicated for eatch partner: Project Leader: Universidad de Alcal\u00e1 (UAH) Madrid&nbsp;&#8211; Prof. Ignacio Bravo &nbsp;&nbsp;&nbsp; Contact&nbsp;@ Universidade do Porto&nbsp;&#8211; Prof. Jos\u00e9 Carlos dos Santos Alves &#8211; Contact&nbsp;@ Universit\u00e0 degli studi di Ferrara&nbsp;&nbsp;&#8211; Cristian Zambelli &#8211;&nbsp; Contact&nbsp;@ Universit\u00e9 de Tours&nbsp; &#8211; Etienne Lemaire &#8211;&nbsp; Contact&nbsp;@<\/p>\n","protected":false},"author":1,"featured_media":0,"parent":0,"menu_order":0,"comment_status":"closed","ping_status":"closed","template":"","meta":[],"_links":{"self":[{"href":"https:\/\/decel.univ-tours.fr\/decel\/index.php\/wp-json\/wp\/v2\/pages\/52"}],"collection":[{"href":"https:\/\/decel.univ-tours.fr\/decel\/index.php\/wp-json\/wp\/v2\/pages"}],"about":[{"href":"https:\/\/decel.univ-tours.fr\/decel\/index.php\/wp-json\/wp\/v2\/types\/page"}],"author":[{"embeddable":true,"href":"https:\/\/decel.univ-tours.fr\/decel\/index.php\/wp-json\/wp\/v2\/users\/1"}],"replies":[{"embeddable":true,"href":"https:\/\/decel.univ-tours.fr\/decel\/index.php\/wp-json\/wp\/v2\/comments?post=52"}],"version-history":[{"count":3,"href":"https:\/\/decel.univ-tours.fr\/decel\/index.php\/wp-json\/wp\/v2\/pages\/52\/revisions"}],"predecessor-version":[{"id":62,"href":"https:\/\/decel.univ-tours.fr\/decel\/index.php\/wp-json\/wp\/v2\/pages\/52\/revisions\/62"}],"wp:attachment":[{"href":"https:\/\/decel.univ-tours.fr\/decel\/index.php\/wp-json\/wp\/v2\/media?parent=52"}],"curies":[{"name":"wp","href":"https:\/\/api.w.org\/{rel}","templated":true}]}}